{"id":15,"date":"2025-02-22T19:04:13","date_gmt":"2025-02-22T19:04:13","guid":{"rendered":"https:\/\/rawmaterialfactory.com\/?page_id=15"},"modified":"2025-02-23T20:36:57","modified_gmt":"2025-02-23T20:36:57","slug":"contact","status":"publish","type":"page","link":"https:\/\/rawmaterialfactory.com\/?page_id=15","title":{"rendered":"Contact"},"content":{"rendered":"<p>[et_pb_section fb_built=&#8221;1&#8243; admin_label=&#8221;Header &#038; Contact&#8221; _builder_version=&#8221;4.27.4&#8243; _module_preset=&#8221;default&#8221; collapsed=&#8221;on&#8221; global_colors_info=&#8221;{}&#8221;][et_pb_row column_structure=&#8221;3_5,2_5&#8243; make_equal=&#8221;on&#8221; _builder_version=&#8221;4.27.0&#8243; _module_preset=&#8221;default&#8221; global_colors_info=&#8221;{}&#8221;][et_pb_column type=&#8221;3_5&#8243; _builder_version=&#8221;4.24.0&#8243; _module_preset=&#8221;default&#8221; global_colors_info=&#8221;{}&#8221;][et_pb_heading title=&#8221;Contact Us&#8221; _builder_version=&#8221;4.27.0&#8243; _module_preset=&#8221;c1253fe8-602a-4752-89bc-148a73740ac6&#8243; locked=&#8221;off&#8221; global_colors_info=&#8221;{}&#8221;][\/et_pb_heading][et_pb_contact_form captcha=&#8221;off&#8221; _builder_version=&#8221;4.27.0&#8243; _module_preset=&#8221;b8627bc8-55af-43b0-ab73-2c3a6ebfd6f2&#8243; locked=&#8221;off&#8221; global_colors_info=&#8221;{}&#8221;][et_pb_contact_field field_id=&#8221;Name&#8221; field_title=&#8221;Name&#8221; fullwidth_field=&#8221;on&#8221; _builder_version=&#8221;4.27.0&#8243; _module_preset=&#8221;default&#8221; global_colors_info=&#8221;{}&#8221; button_text_size__hover_enabled=&#8221;off&#8221; button_one_text_size__hover_enabled=&#8221;off&#8221; button_two_text_size__hover_enabled=&#8221;off&#8221; button_text_color__hover_enabled=&#8221;off&#8221; button_one_text_color__hover_enabled=&#8221;off&#8221; button_two_text_color__hover_enabled=&#8221;off&#8221; button_border_width__hover_enabled=&#8221;off&#8221; button_one_border_width__hover_enabled=&#8221;off&#8221; button_two_border_width__hover_enabled=&#8221;off&#8221; button_border_color__hover_enabled=&#8221;off&#8221; button_one_border_color__hover_enabled=&#8221;off&#8221; button_two_border_color__hover_enabled=&#8221;off&#8221; button_border_radius__hover_enabled=&#8221;off&#8221; button_one_border_radius__hover_enabled=&#8221;off&#8221; button_two_border_radius__hover_enabled=&#8221;off&#8221; button_letter_spacing__hover_enabled=&#8221;off&#8221; button_one_letter_spacing__hover_enabled=&#8221;off&#8221; button_two_letter_spacing__hover_enabled=&#8221;off&#8221; button_bg_color__hover_enabled=&#8221;off&#8221; button_one_bg_color__hover_enabled=&#8221;off&#8221; button_two_bg_color__hover_enabled=&#8221;off&#8221;][\/et_pb_contact_field][et_pb_contact_field field_id=&#8221;Email&#8221; field_title=&#8221;Email Address&#8221; field_type=&#8221;email&#8221; fullwidth_field=&#8221;on&#8221; _builder_version=&#8221;4.27.0&#8243; _module_preset=&#8221;default&#8221; global_colors_info=&#8221;{}&#8221; button_text_size__hover_enabled=&#8221;off&#8221; button_one_text_size__hover_enabled=&#8221;off&#8221; button_two_text_size__hover_enabled=&#8221;off&#8221; button_text_color__hover_enabled=&#8221;off&#8221; button_one_text_color__hover_enabled=&#8221;off&#8221; button_two_text_color__hover_enabled=&#8221;off&#8221; button_border_width__hover_enabled=&#8221;off&#8221; button_one_border_width__hover_enabled=&#8221;off&#8221; button_two_border_width__hover_enabled=&#8221;off&#8221; button_border_color__hover_enabled=&#8221;off&#8221; button_one_border_color__hover_enabled=&#8221;off&#8221; button_two_border_color__hover_enabled=&#8221;off&#8221; button_border_radius__hover_enabled=&#8221;off&#8221; button_one_border_radius__hover_enabled=&#8221;off&#8221; button_two_border_radius__hover_enabled=&#8221;off&#8221; button_letter_spacing__hover_enabled=&#8221;off&#8221; button_one_letter_spacing__hover_enabled=&#8221;off&#8221; button_two_letter_spacing__hover_enabled=&#8221;off&#8221; button_bg_color__hover_enabled=&#8221;off&#8221; button_one_bg_color__hover_enabled=&#8221;off&#8221; button_two_bg_color__hover_enabled=&#8221;off&#8221;][\/et_pb_contact_field][et_pb_contact_field field_id=&#8221;Message&#8221; field_title=&#8221;Message&#8221; field_type=&#8221;text&#8221; fullwidth_field=&#8221;on&#8221; _builder_version=&#8221;4.27.0&#8243; _module_preset=&#8221;default&#8221; global_colors_info=&#8221;{}&#8221; button_text_size__hover_enabled=&#8221;off&#8221; button_one_text_size__hover_enabled=&#8221;off&#8221; button_two_text_size__hover_enabled=&#8221;off&#8221; button_text_color__hover_enabled=&#8221;off&#8221; button_one_text_color__hover_enabled=&#8221;off&#8221; button_two_text_color__hover_enabled=&#8221;off&#8221; button_border_width__hover_enabled=&#8221;off&#8221; button_one_border_width__hover_enabled=&#8221;off&#8221; button_two_border_width__hover_enabled=&#8221;off&#8221; button_border_color__hover_enabled=&#8221;off&#8221; button_one_border_color__hover_enabled=&#8221;off&#8221; button_two_border_color__hover_enabled=&#8221;off&#8221; button_border_radius__hover_enabled=&#8221;off&#8221; button_one_border_radius__hover_enabled=&#8221;off&#8221; button_two_border_radius__hover_enabled=&#8221;off&#8221; button_letter_spacing__hover_enabled=&#8221;off&#8221; button_one_letter_spacing__hover_enabled=&#8221;off&#8221; button_two_letter_spacing__hover_enabled=&#8221;off&#8221; button_bg_color__hover_enabled=&#8221;off&#8221; button_one_bg_color__hover_enabled=&#8221;off&#8221; button_two_bg_color__hover_enabled=&#8221;off&#8221;][\/et_pb_contact_field][\/et_pb_contact_form][\/et_pb_column][et_pb_column type=&#8221;2_5&#8243; _builder_version=&#8221;4.27.0&#8243; _module_preset=&#8221;f3d11fc7-0a26-4494-9763-fa4f8f3c12f7&#8243; global_colors_info=&#8221;{}&#8221;][et_pb_heading title=&#8221;Our customer support team is available to help you 24\/7&#8243; _builder_version=&#8221;4.27.4&#8243; _module_preset=&#8221;ade78d2b-645a-456a-8958-cc9544e046f1&#8243; locked=&#8221;off&#8221; global_colors_info=&#8221;{}&#8221;][\/et_pb_heading][et_pb_blurb title=&#8221;Address&#8221; use_icon=&#8221;on&#8221; font_icon=&#8221;&#xe081;||divi||400&#8243; _builder_version=&#8221;4.27.4&#8243; _module_preset=&#8221;5f202e9d-99e3-46a5-bfae-5f6507520796&#8243; locked=&#8221;off&#8221; global_colors_info=&#8221;{}&#8221;]<\/p>\n<p>Ferhatpa\u015fa Cad. Asil Sanayi Sitesi 1.Blok No:1 (D\u0131\u015farda A Blok Pano 2) Bayrampa\u015fa, \u0130stanbul<\/p>\n<p>[\/et_pb_blurb][et_pb_blurb title=&#8221;Phone&#8221; use_icon=&#8221;on&#8221; font_icon=&#8221;&#xf879;||fa||900&#8243; _builder_version=&#8221;4.27.4&#8243; _module_preset=&#8221;5f202e9d-99e3-46a5-bfae-5f6507520796&#8243; locked=&#8221;off&#8221; global_colors_info=&#8221;{}&#8221;][\/et_pb_blurb][et_pb_blurb title=&#8221;Email&#8221; use_icon=&#8221;on&#8221; font_icon=&#8221;&#xe076;||divi||400&#8243; _builder_version=&#8221;4.27.4&#8243; _module_preset=&#8221;5f202e9d-99e3-46a5-bfae-5f6507520796&#8243; locked=&#8221;off&#8221; global_colors_info=&#8221;{%22gcid-484db635-f953-40b6-926a-828c5cb79840%22:%91%22image_icon_background_color%22%93}&#8221;]<\/p>\n<p>info@rawmaterialfactory.com<\/p>\n<p>[\/et_pb_blurb][et_pb_button button_text=&#8221;Get a Free PE Quote&#8221; _builder_version=&#8221;4.27.4&#8243; _module_preset=&#8221;1e9bebd2-ed06-40e6-b008-1ede3101d680&#8243; hover_enabled=&#8221;0&#8243; global_colors_info=&#8221;{}&#8221; sticky_enabled=&#8221;0&#8243;][\/et_pb_button][\/et_pb_column][\/et_pb_row][\/et_pb_section][et_pb_section fb_built=&#8221;1&#8243; admin_label=&#8221;FAQ&#8221; _builder_version=&#8221;4.27.0&#8243; _module_preset=&#8221;81ba546c-dd92-4145-ab21-28dbff855d2a&#8221; border_radii=&#8221;off|3vw|3vw||&#8221; collapsed=&#8221;on&#8221; global_colors_info=&#8221;{}&#8221;][et_pb_row _builder_version=&#8221;4.27.0&#8243; _module_preset=&#8221;default&#8221; max_width=&#8221;900px&#8221; global_colors_info=&#8221;{}&#8221;][et_pb_column type=&#8221;4_4&#8243; _builder_version=&#8221;4.22.0&#8243; _module_preset=&#8221;default&#8221; global_colors_info=&#8221;{}&#8221;][et_pb_heading title=&#8221;FAQ&#8221; _builder_version=&#8221;4.27.0&#8243; _module_preset=&#8221;638468c8-11bf-42a7-b5f3-3146cfd429da&#8221; global_colors_info=&#8221;{}&#8221;][\/et_pb_heading][et_pb_blurb title=&#8221;What is Polyethylene?&#8221; icon_placement=&#8221;top&#8221; _builder_version=&#8221;4.27.4&#8243; _module_preset=&#8221;379598c6-cb3b-4653-901a-29617516e486&#8243; locked=&#8221;off&#8221; global_colors_info=&#8221;{}&#8221;]<\/p>\n<p>Polyethylene (PE) is a lightweight, flexible, and chemically resistant thermoplastic material produced through the polymerization of ethylene monomers. It is widely used in everyday life and various industries.<\/p>\n<p>[\/et_pb_blurb][et_pb_blurb title=&#8221;Types of Polyethylene and Their Uses&#8221; icon_placement=&#8221;top&#8221; _builder_version=&#8221;4.27.4&#8243; _module_preset=&#8221;379598c6-cb3b-4653-901a-29617516e486&#8243; custom_margin=&#8221;||8px|||&#8221; locked=&#8221;off&#8221; global_colors_info=&#8221;{}&#8221;]<\/p>\n<ul>\n<li>HDPE (High-Density PE): Rigid and durable. Used in bottles, pipes, and toys.<\/li>\n<li>LDPE (Low-Density PE): Flexible and soft. Used in plastic bags, stretch films, and packaging.<\/li>\n<li>LLDPE (Linear Low-Density PE): More flexible and durable. Used in agricultural films and flexible packaging.<\/li>\n<li>UHMWPE (Ultra-High Molecular Weight PE): High strength and wear resistance. Used in medical implants and industrial parts.<\/li>\n<\/ul>\n<p>[\/et_pb_blurb][et_pb_blurb title=&#8221;Polyethylene Recycling&#8221; icon_placement=&#8221;top&#8221; _builder_version=&#8221;4.27.4&#8243; _module_preset=&#8221;379598c6-cb3b-4653-901a-29617516e486&#8243; locked=&#8221;off&#8221; global_colors_info=&#8221;{}&#8221;]<\/p>\n<p>Polyethylene recycling involves collecting waste materials, cleaning them, shredding them, and processing them into granules. Recycled PE is used to produce new products.<\/p>\n<p>[\/et_pb_blurb][et_pb_blurb title=&#8221;Benefits of Polyethylene Recycling&#8221; icon_placement=&#8221;top&#8221; _builder_version=&#8221;4.27.4&#8243; _module_preset=&#8221;379598c6-cb3b-4653-901a-29617516e486&#8243; locked=&#8221;off&#8221; global_colors_info=&#8221;{}&#8221;]<\/p>\n<ul>\n<li>Helps conserve natural resources.<\/li>\n<li>Saves energy.<\/li>\n<li>Reduces waste and prevents environmental pollution.<\/li>\n<\/ul>\n<p>[\/et_pb_blurb][et_pb_blurb title=&#8221;Alternatives to Polyethylene&#8221; icon_placement=&#8221;top&#8221; _builder_version=&#8221;4.27.4&#8243; _module_preset=&#8221;379598c6-cb3b-4653-901a-29617516e486&#8243; locked=&#8221;off&#8221; global_colors_info=&#8221;{}&#8221;]<\/p>\n<p>Eco-friendly alternatives such as bioplastics, paper-based packaging, glass, and metal can replace polyethylene.<\/p>\n<p>[\/et_pb_blurb][et_pb_blurb title=&#8221;How to Identify Polyethylene Products&#8221; icon_placement=&#8221;top&#8221; _builder_version=&#8221;4.27.4&#8243; _module_preset=&#8221;379598c6-cb3b-4653-901a-29617516e486&#8243; locked=&#8221;off&#8221; global_colors_info=&#8221;{}&#8221;]<\/p>\n<p>Polyethylene products are marked with a recycling symbol (triangle of arrows) and codes like &#8220;PE,&#8221; &#8220;HDPE,&#8221; or &#8220;LDPE.&#8221;<\/p>\n<p>[\/et_pb_blurb][et_pb_blurb title=&#8221;What Can You Do?&#8221; icon_placement=&#8221;top&#8221; _builder_version=&#8221;4.27.4&#8243; _module_preset=&#8221;379598c6-cb3b-4653-901a-29617516e486&#8243; locked=&#8221;off&#8221; global_colors_info=&#8221;{}&#8221;]<\/p>\n<ul>\n<li>Separate plastic waste for recycling.<\/li>\n<li>Use recycling bins.<\/li>\n<li>Choose reusable alternatives over single-use products.<\/li>\n<\/ul>\n<p>[\/et_pb_blurb][et_pb_blurb title=&#8221;For more information about polyethylene and recycling, feel free to contact us!&#8221; icon_placement=&#8221;top&#8221; _builder_version=&#8221;4.27.4&#8243; _module_preset=&#8221;379598c6-cb3b-4653-901a-29617516e486&#8243; locked=&#8221;off&#8221; global_colors_info=&#8221;{}&#8221;][\/et_pb_blurb][\/et_pb_column][\/et_pb_row][\/et_pb_section]<\/p>\n","protected":false},"excerpt":{"rendered":"<p>Ferhatpa\u015fa Cad. Asil Sanayi Sitesi 1.Blok No:1 (D\u0131\u015farda A Blok Pano 2) Bayrampa\u015fa, \u0130stanbulinfo@rawmaterialfactory.comPolyethylene (PE) is a lightweight, flexible, and chemically resistant thermoplastic material produced through the polymerization of ethylene monomers. It is widely used in everyday life and various industries. HDPE (High-Density PE): Rigid and durable. Used in bottles, pipes, and toys. LDPE (Low-Density [&hellip;]<\/p>\n","protected":false},"author":1,"featured_media":0,"parent":0,"menu_order":0,"comment_status":"closed","ping_status":"closed","template":"","meta":{"_et_pb_use_builder":"on","_et_pb_old_content":"","_et_gb_content_width":"","footnotes":""},"class_list":["post-15","page","type-page","status-publish","hentry"],"_links":{"self":[{"href":"https:\/\/rawmaterialfactory.com\/index.php?rest_route=\/wp\/v2\/pages\/15","targetHints":{"allow":["GET"]}}],"collection":[{"href":"https:\/\/rawmaterialfactory.com\/index.php?rest_route=\/wp\/v2\/pages"}],"about":[{"href":"https:\/\/rawmaterialfactory.com\/index.php?rest_route=\/wp\/v2\/types\/page"}],"author":[{"embeddable":true,"href":"https:\/\/rawmaterialfactory.com\/index.php?rest_route=\/wp\/v2\/users\/1"}],"replies":[{"embeddable":true,"href":"https:\/\/rawmaterialfactory.com\/index.php?rest_route=%2Fwp%2Fv2%2Fcomments&post=15"}],"version-history":[{"count":5,"href":"https:\/\/rawmaterialfactory.com\/index.php?rest_route=\/wp\/v2\/pages\/15\/revisions"}],"predecessor-version":[{"id":138,"href":"https:\/\/rawmaterialfactory.com\/index.php?rest_route=\/wp\/v2\/pages\/15\/revisions\/138"}],"wp:attachment":[{"href":"https:\/\/rawmaterialfactory.com\/index.php?rest_route=%2Fwp%2Fv2%2Fmedia&parent=15"}],"curies":[{"name":"wp","href":"https:\/\/api.w.org\/{rel}","templated":true}]}}